{"id":17205,"date":"2026-01-16T12:03:31","date_gmt":"2026-01-16T11:03:31","guid":{"rendered":"https:\/\/fitnesshaus24.com\/?post_type=product&#038;p=17205"},"modified":"2026-04-21T15:44:51","modified_gmt":"2026-04-21T14:44:51","slug":"global-pharma-boldobal-250-250mg-ml-boldenon-fitnesshaus24","status":"publish","type":"product","link":"http:\/\/fitnesshaus24.com\/en\/global-pharma-anabolika-kaufen\/global-pharma-boldobal-250-250mg-ml-boldenon-fitnesshaus24\/","title":{"rendered":"Global Pharma Boldobal 250mg Boldenone Undecanoate"},"content":{"rendered":"<p>Global Pharma Boldobal 250mg Boldenone Undecanoate bietet eine stabile und hochwertige injizierbare Boldenone-Formel, speziell f\u00fcr Forschungs- und Bildungsanwendungen entwickelt. Das Produkt \u00fcberzeugt durch konsistente Qualit\u00e4t und Reinheit, was f\u00fcr erfahrene Anwender, die mit Boldenone in kontrollierter Umgebung arbeiten, besonders wichtig ist. Boldobal 250mg wird ausschlie\u00dflich f\u00fcr Forschungszwecke geliefert und ist nicht f\u00fcr Freizeitgebrauch vorgesehen.<\/p>\n<h2>Was ist Global Pharma Boldobal?<\/h2>\n<p>Global Pharma Boldobal 250mg Boldenone Undecanoate ist eine injizierbare Boldenone-L\u00f6sung mit einer Konzentration von 250mg\/ml, geliefert in einer 10ml-Glasflasche. Das Produkt bietet zuverl\u00e4ssige Qualit\u00e4t und Reinheit, ideal f\u00fcr Forschung und Bildung. Weitere hochwertige injizierbare Anabolika finden Sie in der Kategorie <a href=\"https:\/\/fitnesshaus24.com\/en\/product-category\/injizierbare-anabole-steroide\/\">Injizierbare Anabole Steroide<\/a>.<\/p>\n<h2>F\u00fcr wen ist es geeignet?<\/h2>\n<p>Dieses Produkt eignet sich f\u00fcr Forscher, professionelle Bodybuilder und Fitness-Profis, die ihr Wissen \u00fcber injizierbares Boldenone erweitern m\u00f6chten. Freizeitgebrauch ist nicht vorgesehen. Global Pharma Boldobal 250mg bietet eine legale und zuverl\u00e4ssige M\u00f6glichkeit, Boldenone in Forschungs- und Bildungsumgebungen zu verwenden. \u00c4hnliche Produkte finden Sie in der Kategorie <a href=\"https:\/\/fitnesshaus24.com\/en\/product-category\/human-grade\/\">Human Grade<\/a>.<\/p>\n<h3>Qualit\u00e4t und Marke<\/h3>\n<p>Global Pharma ist bekannt f\u00fcr GMP-zertifizierte Produktion und strenge Qualit\u00e4tskontrollen. Boldobal 250mg Boldenone Undecanoate wird nach h\u00f6chsten Standards hergestellt und garantiert Reinheit sowie Konsistenz. Die Marke genie\u00dft einen hervorragenden Ruf in der Forschungscommunity.<\/p>\n<h3>Anwendung und Hinweise<\/h3>\n<p>Boldobal 250mg ist ausschlie\u00dflich f\u00fcr Forschungs- und Bildungszwecke bestimmt. K\u00fchl und dunkel lagern, au\u00dferhalb der Reichweite von Kindern. F\u00fcr Zubeh\u00f6r wie Injektionsmaterialien besuchen Sie die Kategorie <a href=\"https:\/\/fitnesshaus24.com\/en\/product-category\/injection-materials\/\">Injection materials<\/a>.<\/p>\n<h2>Wichtigste Merkmale<\/h2>\n<ul>\n<li>Volumen: 10 ml pro Flasche<\/li>\n<li>Konzentration: 250mg\/ml<\/li>\n<li>Form: injizierbare L\u00f6sung<\/li>\n<li>Hersteller: Global Pharma<\/li>\n<li>Legal f\u00fcr Forschungs- und Bildungszwecke<\/li>\n<\/ul>\n<h2>Vorteile f\u00fcr den Anwender<\/h2>\n<ul>\n<li>Hohe Qualit\u00e4t und konstante Zusammensetzung<\/li>\n<li>Zuverl\u00e4ssige Marke mit GMP-Produktion<\/li>\n<li>Ideal f\u00fcr Forschungs- und Bildungszwecke<\/li>\n<li>Einfache Handhabung und Lagerung<\/li>\n<li>Geeignet f\u00fcr erfahrene Anwender und Forscher<\/li>\n<\/ul>\n<h2>Technische Spezifikationen<\/h2>\n<ul>\n<li>Dosis: 250mg\/ml<\/li>\n<li>Inhalt: 10 ml pro Flasche<\/li>\n<li>Hersteller: Global Pharma<\/li>\n<li>Form: injizierbares Boldenone (Undecanoate)<\/li>\n<li>Verpackung: Glasflasche mit Sicherheitsverschluss<\/li>\n<\/ul>\n<p>Weitere Informationen zu <a href=\"https:\/\/de.wikipedia.org\/wiki\/Boldenon\">Boldenone<\/a> finden Sie auf Wikipedia.<\/p>","protected":false},"excerpt":{"rendered":"<p>Global Pharma Boldobal 250 ist ein hochwertiges injizierbares Boldenon mit 250mg\/ml, ideal f\u00fcr erfahrene Nutzer, die Qualit\u00e4t und Zuverl\u00e4ssigkeit sch\u00e4tzen. Perfekt f\u00fcr injizierbare Anabolika.<\/p>","protected":false},"featured_media":17190,"comment_status":"closed","ping_status":"closed","template":"","meta":{"_acf_changed":false},"product_brand":[],"product_cat":[354,198,25,18],"product_tag":[203,204,205],"class_list":{"0":"post-17205","1":"product","2":"type-product","3":"status-publish","4":"has-post-thumbnail","6":"product_cat-anabolika","7":"product_cat-global-pharma-anabolika-kaufen","8":"product_cat-human-grade","9":"product_cat-injizierbare-anabole-steroide","10":"product_tag-boldenon-injektion","11":"product_tag-global-pharma-boldenon","12":"product_tag-injizierbare-anabolika","14":"first","15":"instock","16":"shipping-taxable","17":"purchasable","18":"product-type-simple"},"acf":[],"yoast_head":"<!-- This site is optimized with the Yoast SEO plugin v27.3 - https:\/\/yoast.com\/product\/yoast-seo-wordpress\/ -->\n<title>Global Pharma Boldobal 250mg Boldenone Undecanoate - Fitnesshaus24<\/title>\n<meta name=\"description\" content=\"Global Pharma Boldobal 250 250mg\/ml Boldenon \u2013 hochwertiges injizierbares Anabolikum f\u00fcr erfahrene Nutzer. Zuverl\u00e4ssige Qualit\u00e4t garantiert.\" \/>\n<meta name=\"robots\" content=\"index, follow, max-snippet:-1, max-image-preview:large, max-video-preview:-1\" \/>\n<link rel=\"canonical\" href=\"http:\/\/fitnesshaus24.com\/en\/global-pharma-anabolika-kaufen\/global-pharma-boldobal-250-250mg-ml-boldenon-fitnesshaus24\/\" \/>\n<meta property=\"og:locale\" content=\"en_US\" \/>\n<meta property=\"og:type\" content=\"article\" \/>\n<meta property=\"og:title\" content=\"Global Pharma Boldobal 250mg Boldenone Undecanoate - Fitnesshaus24\" \/>\n<meta property=\"og:description\" content=\"Global Pharma Boldobal 250 250mg\/ml Boldenon \u2013 hochwertiges injizierbares Anabolikum f\u00fcr erfahrene Nutzer. Zuverl\u00e4ssige Qualit\u00e4t garantiert.\" \/>\n<meta property=\"og:url\" content=\"http:\/\/fitnesshaus24.com\/en\/global-pharma-anabolika-kaufen\/global-pharma-boldobal-250-250mg-ml-boldenon-fitnesshaus24\/\" \/>\n<meta property=\"og:site_name\" content=\"Fitnesshaus24\" \/>\n<meta property=\"article:modified_time\" content=\"2026-04-21T14:44:51+00:00\" \/>\n<meta property=\"og:image\" content=\"http:\/\/fitnesshaus24.com\/wp-content\/uploads\/2026\/01\/Boldobal.jpg\" \/>\n\t<meta property=\"og:image:width\" content=\"1000\" \/>\n\t<meta property=\"og:image:height\" content=\"1000\" \/>\n\t<meta property=\"og:image:type\" content=\"image\/jpeg\" \/>\n<meta name=\"twitter:card\" content=\"summary_large_image\" \/>\n<meta name=\"twitter:label1\" content=\"Est. reading time\" \/>\n\t<meta name=\"twitter:data1\" content=\"2 minutes\" \/>\n<script type=\"application\/ld+json\" class=\"yoast-schema-graph\">{\"@context\":\"https:\\\/\\\/schema.org\",\"@graph\":[{\"@type\":\"WebPage\",\"@id\":\"http:\\\/\\\/fitnesshaus24.com\\\/en\\\/global-pharma-anabolika-kaufen\\\/global-pharma-boldobal-250-250mg-ml-boldenon-fitnesshaus24\\\/\",\"url\":\"http:\\\/\\\/fitnesshaus24.com\\\/en\\\/global-pharma-anabolika-kaufen\\\/global-pharma-boldobal-250-250mg-ml-boldenon-fitnesshaus24\\\/\",\"name\":\"Global Pharma Boldobal 250mg Boldenone Undecanoate - Fitnesshaus24\",\"isPartOf\":{\"@id\":\"https:\\\/\\\/fitnesshaus24.com\\\/#website\"},\"primaryImageOfPage\":{\"@id\":\"http:\\\/\\\/fitnesshaus24.com\\\/en\\\/global-pharma-anabolika-kaufen\\\/global-pharma-boldobal-250-250mg-ml-boldenon-fitnesshaus24\\\/#primaryimage\"},\"image\":{\"@id\":\"http:\\\/\\\/fitnesshaus24.com\\\/en\\\/global-pharma-anabolika-kaufen\\\/global-pharma-boldobal-250-250mg-ml-boldenon-fitnesshaus24\\\/#primaryimage\"},\"thumbnailUrl\":\"http:\\\/\\\/fitnesshaus24.com\\\/wp-content\\\/uploads\\\/2026\\\/01\\\/Boldobal.jpg\",\"datePublished\":\"2026-01-16T11:03:31+00:00\",\"dateModified\":\"2026-04-21T14:44:51+00:00\",\"description\":\"Global Pharma Boldobal 250 250mg\\\/ml Boldenon \u2013 hochwertiges injizierbares Anabolikum f\u00fcr erfahrene Nutzer. Zuverl\u00e4ssige Qualit\u00e4t garantiert.\",\"breadcrumb\":{\"@id\":\"http:\\\/\\\/fitnesshaus24.com\\\/en\\\/global-pharma-anabolika-kaufen\\\/global-pharma-boldobal-250-250mg-ml-boldenon-fitnesshaus24\\\/#breadcrumb\"},\"inLanguage\":\"en-US\",\"potentialAction\":[{\"@type\":\"ReadAction\",\"target\":[\"http:\\\/\\\/fitnesshaus24.com\\\/en\\\/global-pharma-anabolika-kaufen\\\/global-pharma-boldobal-250-250mg-ml-boldenon-fitnesshaus24\\\/\"]}]},{\"@type\":\"ImageObject\",\"inLanguage\":\"en-US\",\"@id\":\"http:\\\/\\\/fitnesshaus24.com\\\/en\\\/global-pharma-anabolika-kaufen\\\/global-pharma-boldobal-250-250mg-ml-boldenon-fitnesshaus24\\\/#primaryimage\",\"url\":\"http:\\\/\\\/fitnesshaus24.com\\\/wp-content\\\/uploads\\\/2026\\\/01\\\/Boldobal.jpg\",\"contentUrl\":\"http:\\\/\\\/fitnesshaus24.com\\\/wp-content\\\/uploads\\\/2026\\\/01\\\/Boldobal.jpg\",\"width\":1000,\"height\":1000,\"caption\":\"Hochwertiges Boldenon von Global Pharma f\u00fcr zuverl\u00e4ssige Ergebnisse\"},{\"@type\":\"BreadcrumbList\",\"@id\":\"http:\\\/\\\/fitnesshaus24.com\\\/en\\\/global-pharma-anabolika-kaufen\\\/global-pharma-boldobal-250-250mg-ml-boldenon-fitnesshaus24\\\/#breadcrumb\",\"itemListElement\":[{\"@type\":\"ListItem\",\"position\":1,\"name\":\"Home\",\"item\":\"https:\\\/\\\/fitnesshaus24.com\\\/\"},{\"@type\":\"ListItem\",\"position\":2,\"name\":\"Gesch\u00e4ft\",\"item\":\"http:\\\/\\\/fitnesshaus24.com\\\/geschaeft\\\/\"},{\"@type\":\"ListItem\",\"position\":3,\"name\":\"Global Pharma Boldobal 250mg Boldenone Undecanoate\"}]},{\"@type\":\"WebSite\",\"@id\":\"https:\\\/\\\/fitnesshaus24.com\\\/#website\",\"url\":\"https:\\\/\\\/fitnesshaus24.com\\\/\",\"name\":\"Fitnesshaus24\",\"description\":\"Kaufen Sie Anabolika, sicher und zuverl\u00e4ssig\",\"publisher\":{\"@id\":\"https:\\\/\\\/fitnesshaus24.com\\\/#organization\"},\"potentialAction\":[{\"@type\":\"SearchAction\",\"target\":{\"@type\":\"EntryPoint\",\"urlTemplate\":\"https:\\\/\\\/fitnesshaus24.com\\\/?s={search_term_string}\"},\"query-input\":{\"@type\":\"PropertyValueSpecification\",\"valueRequired\":true,\"valueName\":\"search_term_string\"}}],\"inLanguage\":\"en-US\"},{\"@type\":\"Organization\",\"@id\":\"https:\\\/\\\/fitnesshaus24.com\\\/#organization\",\"name\":\"Fitnesshaus24\",\"url\":\"https:\\\/\\\/fitnesshaus24.com\\\/\",\"logo\":{\"@type\":\"ImageObject\",\"inLanguage\":\"en-US\",\"@id\":\"https:\\\/\\\/fitnesshaus24.com\\\/#\\\/schema\\\/logo\\\/image\\\/\",\"url\":\"http:\\\/\\\/fitnesshaus24.com\\\/wp-content\\\/uploads\\\/2025\\\/02\\\/Logo-Header-Trans-1-s.webp\",\"contentUrl\":\"http:\\\/\\\/fitnesshaus24.com\\\/wp-content\\\/uploads\\\/2025\\\/02\\\/Logo-Header-Trans-1-s.webp\",\"width\":300,\"height\":131,\"caption\":\"Fitnesshaus24\"},\"image\":{\"@id\":\"https:\\\/\\\/fitnesshaus24.com\\\/#\\\/schema\\\/logo\\\/image\\\/\"}}]}<\/script>\n<!-- \/ Yoast SEO plugin. -->","yoast_head_json":{"title":"Global Pharma Boldobal 250mg Boldenone Undecanoate - Fitnesshaus24","description":"Global Pharma Boldobal 250 250mg\/ml Boldenon \u2013 hochwertiges injizierbares Anabolikum f\u00fcr erfahrene Nutzer. Zuverl\u00e4ssige Qualit\u00e4t garantiert.","robots":{"index":"index","follow":"follow","max-snippet":"max-snippet:-1","max-image-preview":"max-image-preview:large","max-video-preview":"max-video-preview:-1"},"canonical":"http:\/\/fitnesshaus24.com\/en\/global-pharma-anabolika-kaufen\/global-pharma-boldobal-250-250mg-ml-boldenon-fitnesshaus24\/","og_locale":"en_US","og_type":"article","og_title":"Global Pharma Boldobal 250mg Boldenone Undecanoate - Fitnesshaus24","og_description":"Global Pharma Boldobal 250 250mg\/ml Boldenon \u2013 hochwertiges injizierbares Anabolikum f\u00fcr erfahrene Nutzer. Zuverl\u00e4ssige Qualit\u00e4t garantiert.","og_url":"http:\/\/fitnesshaus24.com\/en\/global-pharma-anabolika-kaufen\/global-pharma-boldobal-250-250mg-ml-boldenon-fitnesshaus24\/","og_site_name":"Fitnesshaus24","article_modified_time":"2026-04-21T14:44:51+00:00","og_image":[{"width":1000,"height":1000,"url":"http:\/\/fitnesshaus24.com\/wp-content\/uploads\/2026\/01\/Boldobal.jpg","type":"image\/jpeg"}],"twitter_card":"summary_large_image","twitter_misc":{"Est. reading time":"2 minutes"},"schema":{"@context":"https:\/\/schema.org","@graph":[{"@type":"WebPage","@id":"http:\/\/fitnesshaus24.com\/en\/global-pharma-anabolika-kaufen\/global-pharma-boldobal-250-250mg-ml-boldenon-fitnesshaus24\/","url":"http:\/\/fitnesshaus24.com\/en\/global-pharma-anabolika-kaufen\/global-pharma-boldobal-250-250mg-ml-boldenon-fitnesshaus24\/","name":"Global Pharma Boldobal 250mg Boldenone Undecanoate - Fitnesshaus24","isPartOf":{"@id":"https:\/\/fitnesshaus24.com\/#website"},"primaryImageOfPage":{"@id":"http:\/\/fitnesshaus24.com\/en\/global-pharma-anabolika-kaufen\/global-pharma-boldobal-250-250mg-ml-boldenon-fitnesshaus24\/#primaryimage"},"image":{"@id":"http:\/\/fitnesshaus24.com\/en\/global-pharma-anabolika-kaufen\/global-pharma-boldobal-250-250mg-ml-boldenon-fitnesshaus24\/#primaryimage"},"thumbnailUrl":"http:\/\/fitnesshaus24.com\/wp-content\/uploads\/2026\/01\/Boldobal.jpg","datePublished":"2026-01-16T11:03:31+00:00","dateModified":"2026-04-21T14:44:51+00:00","description":"Global Pharma Boldobal 250 250mg\/ml Boldenon \u2013 hochwertiges injizierbares Anabolikum f\u00fcr erfahrene Nutzer. Zuverl\u00e4ssige Qualit\u00e4t garantiert.","breadcrumb":{"@id":"http:\/\/fitnesshaus24.com\/en\/global-pharma-anabolika-kaufen\/global-pharma-boldobal-250-250mg-ml-boldenon-fitnesshaus24\/#breadcrumb"},"inLanguage":"en-US","potentialAction":[{"@type":"ReadAction","target":["http:\/\/fitnesshaus24.com\/en\/global-pharma-anabolika-kaufen\/global-pharma-boldobal-250-250mg-ml-boldenon-fitnesshaus24\/"]}]},{"@type":"ImageObject","inLanguage":"en-US","@id":"http:\/\/fitnesshaus24.com\/en\/global-pharma-anabolika-kaufen\/global-pharma-boldobal-250-250mg-ml-boldenon-fitnesshaus24\/#primaryimage","url":"http:\/\/fitnesshaus24.com\/wp-content\/uploads\/2026\/01\/Boldobal.jpg","contentUrl":"http:\/\/fitnesshaus24.com\/wp-content\/uploads\/2026\/01\/Boldobal.jpg","width":1000,"height":1000,"caption":"Hochwertiges Boldenon von Global Pharma f\u00fcr zuverl\u00e4ssige Ergebnisse"},{"@type":"BreadcrumbList","@id":"http:\/\/fitnesshaus24.com\/en\/global-pharma-anabolika-kaufen\/global-pharma-boldobal-250-250mg-ml-boldenon-fitnesshaus24\/#breadcrumb","itemListElement":[{"@type":"ListItem","position":1,"name":"Home","item":"https:\/\/fitnesshaus24.com\/"},{"@type":"ListItem","position":2,"name":"Gesch\u00e4ft","item":"http:\/\/fitnesshaus24.com\/geschaeft\/"},{"@type":"ListItem","position":3,"name":"Global Pharma Boldobal 250mg Boldenone Undecanoate"}]},{"@type":"WebSite","@id":"https:\/\/fitnesshaus24.com\/#website","url":"https:\/\/fitnesshaus24.com\/","name":"Fitnesshaus24","description":"Kaufen Sie Anabolika, sicher und zuverl\u00e4ssig","publisher":{"@id":"https:\/\/fitnesshaus24.com\/#organization"},"potentialAction":[{"@type":"SearchAction","target":{"@type":"EntryPoint","urlTemplate":"https:\/\/fitnesshaus24.com\/?s={search_term_string}"},"query-input":{"@type":"PropertyValueSpecification","valueRequired":true,"valueName":"search_term_string"}}],"inLanguage":"en-US"},{"@type":"Organization","@id":"https:\/\/fitnesshaus24.com\/#organization","name":"Fitnesshaus24","url":"https:\/\/fitnesshaus24.com\/","logo":{"@type":"ImageObject","inLanguage":"en-US","@id":"https:\/\/fitnesshaus24.com\/#\/schema\/logo\/image\/","url":"http:\/\/fitnesshaus24.com\/wp-content\/uploads\/2025\/02\/Logo-Header-Trans-1-s.webp","contentUrl":"http:\/\/fitnesshaus24.com\/wp-content\/uploads\/2025\/02\/Logo-Header-Trans-1-s.webp","width":300,"height":131,"caption":"Fitnesshaus24"},"image":{"@id":"https:\/\/fitnesshaus24.com\/#\/schema\/logo\/image\/"}}]}},"tiered_pricing_type":"fixed","tiered_pricing_fixed_rules":{"2":52.4500000000000028421709430404007434844970703125,"5":49.9500000000000028421709430404007434844970703125,"10":47.4500000000000028421709430404007434844970703125},"tiered_pricing_product_settings":{"layout":"default","base_unit_name":{"singular":null,"plural":null},"default_variation":null},"tiered_pricing_minimum_quantity":null,"tiered_pricing_roles_data":[],"tiered_pricing_percentage_rules":[],"_links":{"self":[{"href":"http:\/\/fitnesshaus24.com\/en\/wp-json\/wp\/v2\/product\/17205","targetHints":{"allow":["GET"]}}],"collection":[{"href":"http:\/\/fitnesshaus24.com\/en\/wp-json\/wp\/v2\/product"}],"about":[{"href":"http:\/\/fitnesshaus24.com\/en\/wp-json\/wp\/v2\/types\/product"}],"replies":[{"embeddable":true,"href":"http:\/\/fitnesshaus24.com\/en\/wp-json\/wp\/v2\/comments?post=17205"}],"wp:featuredmedia":[{"embeddable":true,"href":"http:\/\/fitnesshaus24.com\/en\/wp-json\/wp\/v2\/media\/17190"}],"wp:attachment":[{"href":"http:\/\/fitnesshaus24.com\/en\/wp-json\/wp\/v2\/media?parent=17205"}],"wp:term":[{"taxonomy":"product_brand","embeddable":true,"href":"http:\/\/fitnesshaus24.com\/en\/wp-json\/wp\/v2\/product_brand?post=17205"},{"taxonomy":"product_cat","embeddable":true,"href":"http:\/\/fitnesshaus24.com\/en\/wp-json\/wp\/v2\/product_cat?post=17205"},{"taxonomy":"product_tag","embeddable":true,"href":"http:\/\/fitnesshaus24.com\/en\/wp-json\/wp\/v2\/product_tag?post=17205"}],"curies":[{"name":"wp","href":"https:\/\/api.w.org\/{rel}","templated":true}]}}