{"id":3274,"date":"2020-05-25T16:06:49","date_gmt":"2020-05-25T15:06:49","guid":{"rendered":"https:\/\/anabolikawelt.com\/?post_type=product&#038;p=3274"},"modified":"2026-04-20T14:40:44","modified_gmt":"2026-04-20T13:40:44","slug":"unique-pharma-trenbolone-enanthate-200mg","status":"publish","type":"product","link":"http:\/\/fitnesshaus24.com\/en\/injizierbare-anabole-steroide\/unique-pharma-trenbolone-enanthate-200mg\/","title":{"rendered":"Unique Pharma Trenbolon Enanthate 200mg | Leistungsstarke Anabolika-Kur"},"content":{"rendered":"<h3 data-start=\"419\" data-end=\"864\"><strong data-start=\"419\" data-end=\"495\">Unique Pharma Trenbolon Enanthate 200mg &#8211; Maximales Muskelwachstum und Kraft<\/strong><\/h3>\n<p data-start=\"419\" data-end=\"864\">Sind Sie auf der Suche nach einer leistungsstarken und lang anhaltenden Anabolika-Kur, die Ihnen hilft, ernsthafte Muskelmasse und St\u00e4rke zu entwickeln? Unique Pharma Trenbolon Enanthate 200mg geh\u00f6rt zu den st\u00e4rksten injizierbaren anabolen Steroiden, die derzeit erh\u00e4ltlich sind. Diese lang wirkende Variante von Trenbolon wurde speziell f\u00fcr Bodybuilder und Athleten entwickelt, die ihren K\u00f6rperbau auf die n\u00e4chste Stufe bringen wollen, mit beeindruckenden Ergebnissen beim Muskelaufbau und der Leistung.<\/p>\n<h3 data-start=\"866\" data-end=\"1185\"><strong data-start=\"866\" data-end=\"898\">Was ist Trenbolon Enanthate?<\/strong><\/h3>\n<p data-start=\"866\" data-end=\"1185\">Trenbolon Enanthate ist eine Ester-Variante von Trenbolon mit einer l\u00e4ngeren Wirkungsdauer, so dass es weniger oft injiziert werden muss. Es ist bekannt f\u00fcr seine au\u00dfergew\u00f6hnlich starken anabolen und androgenen Eigenschaften. Dieses Medikament stimuliert die Stickstoffspeicherung in den Muskeln, erh\u00f6ht die Proteinsynthese und verbessert die N\u00e4hrstoffaufnahme &#8211; entscheidende Prozesse, die zur Entwicklung von trockener, harter Muskelmasse und beeindruckenden Kraftzuw\u00e4chsen beitragen.<\/p>\n<h3 data-start=\"1187\" data-end=\"1248\"><strong data-start=\"1187\" data-end=\"1246\">Vorteile von Unique Pharma Trenbolon Enanthate 200mg:<\/strong><\/h3>\n<ul data-start=\"1249\" data-end=\"1513\">\n<li data-start=\"1249\" data-end=\"1305\">\n<p data-start=\"1251\" data-end=\"1305\">Starkes Muskelwachstum ohne \u00fcberm\u00e4\u00dfige Wassereinlagerungen<\/p>\n<\/li>\n<li data-start=\"1306\" data-end=\"1365\">\n<p data-start=\"1308\" data-end=\"1365\">Starke Zunahme von Muskelkraft und Ausdauer<\/p>\n<\/li>\n<li data-start=\"1366\" data-end=\"1412\">\n<p data-start=\"1368\" data-end=\"1412\">Promotes fat burning and muscle definition<\/p>\n<\/li>\n<li data-start=\"1413\" data-end=\"1462\">\n<p data-start=\"1415\" data-end=\"1462\">Lang anhaltende Wirkung dank des Enanthatesters<\/p>\n<\/li>\n<li data-start=\"1463\" data-end=\"1513\">\n<p data-start=\"1465\" data-end=\"1513\">Reduziert den Muskelabbau w\u00e4hrend einer Abnehmphase<\/p>\n<\/li>\n<\/ul>\n<h3 data-start=\"1515\" data-end=\"1867\"><strong data-start=\"1515\" data-end=\"1539\">Application and dosage:<\/strong><\/h3>\n<p data-start=\"1515\" data-end=\"1867\">Die empfohlene Dosierung von Unique Pharma Trenbolon Enanthate ist in der Regel zwischen 200 mg und 600 mg pro Woche, verteilt auf ein oder zwei Injektionszeiten, um stabile Blutspiegel zu erhalten. Ein typischer Verlauf der Behandlung dauert in der Regel 8 bis 12 Wochen. Aufgrund der St\u00e4rke dieses Medikaments ist es nur f\u00fcr erfahrene Anwender geeignet, die mit anabolen Steroiden vertraut sind. Die Verwendung von unterst\u00fctzenden Nahrungserg\u00e4nzungsmitteln, wie Leberschutzmittel und Cholesterinregulatoren, wird dringend empfohlen. Dar\u00fcber hinaus ist eine angemessene Post-Cycle-Therapie (PCT) unerl\u00e4sslich, um das nat\u00fcrliche Hormongleichgewicht nach der Behandlung wiederherzustellen.<\/p>\n<h3 data-start=\"1869\" data-end=\"2114\"><strong data-start=\"1869\" data-end=\"1880\">Note:<\/strong><\/h3>\n<p data-start=\"1869\" data-end=\"2114\">Trenbolon Enanthate ist ein hochpotentes Medikament und kann Nebenwirkungen wie erh\u00f6hte Aggressivit\u00e4t, n\u00e4chtliche Schwei\u00dfausbr\u00fcche, Schlaflosigkeit, Stimmungsschwankungen und hormonelle Schwankungen verursachen. Es ist daher wichtig, immer verantwortungsbewusst zu handeln und, wenn m\u00f6glich, einen Facharzt oder Experten zu konsultieren, bevor eine Behandlung begonnen wird.<\/p>\n<h3 data-start=\"2116\" data-end=\"2394\"><strong data-start=\"2116\" data-end=\"2153\">Why choose Unique Pharma?<\/strong><\/h3>\n<p data-start=\"2116\" data-end=\"2394\">Unique Pharma ist bekannt f\u00fcr die hohe Reinheit, Zuverl\u00e4ssigkeit und Konsistenz seiner Produkte. Jede Flasche wird unter strengen Laborbedingungen hergestellt und gr\u00fcndlich getestet, um sicherzustellen, dass Sie ein sicheres und wirksames Produkt erhalten, das es Ihnen erm\u00f6glicht, mit Zuversicht zu trainieren und zu leisten. <span style=\"font-weight: 400;\">Entdecken Sie jetzt Unique Pharma <\/span><a href=\"https:\/\/fitnesshaus24.com\/en\/product-2\/unique-pharma-proviron-25mg\/\"><span style=\"font-weight: 400;\">Proviron 25 mg<\/span><\/a><span style=\"font-weight: 400;\"> f\u00fcr erg\u00e4nzende Trainingsoptionen.<\/span><\/p>","protected":false},"excerpt":{"rendered":"<p>Unique Pharma Trenbolon Enanthate 200 mg ist ein starkes anaboles Steroid f\u00fcr starken Muskel- und Kraftzuwachs. Ideal f\u00fcr fortgeschrittene Anwender w\u00e4hrend einer Masse- oder Definitionsphase.<\/p>","protected":false},"featured_media":15015,"comment_status":"open","ping_status":"closed","template":"","meta":{"_acf_changed":false},"product_brand":[],"product_cat":[354,18,19,36],"product_tag":[83,103,134,68,97,110,29,52],"class_list":{"0":"post-3274","1":"product","2":"type-product","3":"status-publish","4":"has-post-thumbnail","6":"product_cat-anabolika","7":"product_cat-injizierbare-anabole-steroide","8":"product_cat-schneiden-abnehmen","9":"product_cat-unique-pharma-up","10":"product_tag-androgeen","11":"product_tag-enanthate","12":"product_tag-harder-trainen","13":"product_tag-kuur","14":"product_tag-motivatie","15":"product_tag-speciale-aanbiedingen","16":"product_tag-spiermassa","17":"product_tag-testosteron","19":"first","20":"instock","21":"shipping-taxable","22":"purchasable","23":"product-type-simple"},"acf":[],"yoast_head":"<!-- This site is optimized with the Yoast SEO plugin v27.3 - https:\/\/yoast.com\/product\/yoast-seo-wordpress\/ -->\n<title>Trenbolon Enanthate 200mg | Leistungsstarke Anabolika-Kur<\/title>\n<meta name=\"description\" content=\"Trenbolon Enanthate 200mg von Unique Pharma erg\u00e4nzt Ihr Training sinnvoll. Online erh\u00e4ltlich mit diskretem Versand und zuverl\u00e4ssiger Qualit\u00e4t.\" \/>\n<meta name=\"robots\" content=\"index, follow, max-snippet:-1, max-image-preview:large, max-video-preview:-1\" \/>\n<link rel=\"canonical\" href=\"https:\/\/fitnesshaus24.com\/en\/injizierbare-anabole-steroide\/unique-pharma-trenbolone-enanthate-200mg\/\" \/>\n<meta property=\"og:locale\" content=\"en_US\" \/>\n<meta property=\"og:type\" content=\"article\" \/>\n<meta property=\"og:title\" content=\"Trenbolon Enanthate 200mg | Leistungsstarke Anabolika-Kur\" \/>\n<meta property=\"og:description\" content=\"Trenbolon Enanthate 200mg von Unique Pharma erg\u00e4nzt Ihr Training sinnvoll. Online erh\u00e4ltlich mit diskretem Versand und zuverl\u00e4ssiger Qualit\u00e4t.\" \/>\n<meta property=\"og:url\" content=\"https:\/\/fitnesshaus24.com\/en\/injizierbare-anabole-steroide\/unique-pharma-trenbolone-enanthate-200mg\/\" \/>\n<meta property=\"og:site_name\" content=\"Fitnesshaus24\" \/>\n<meta property=\"article:modified_time\" content=\"2026-04-20T13:40:44+00:00\" \/>\n<meta property=\"og:image\" content=\"https:\/\/fitnesshaus24.com\/wp-content\/uploads\/2020\/05\/trenbolone-enanthate-unique-pharma-.jpg\" \/>\n\t<meta property=\"og:image:width\" content=\"1000\" \/>\n\t<meta property=\"og:image:height\" content=\"1000\" \/>\n\t<meta property=\"og:image:type\" content=\"image\/jpeg\" \/>\n<meta name=\"twitter:card\" content=\"summary_large_image\" \/>\n<meta name=\"twitter:label1\" content=\"Est. reading time\" \/>\n\t<meta name=\"twitter:data1\" content=\"3 minutes\" \/>\n<script type=\"application\/ld+json\" class=\"yoast-schema-graph\">{\"@context\":\"https:\\\/\\\/schema.org\",\"@graph\":[{\"@type\":\"WebPage\",\"@id\":\"https:\\\/\\\/fitnesshaus24.com\\\/en\\\/injizierbare-anabole-steroide\\\/unique-pharma-trenbolone-enanthate-200mg\\\/\",\"url\":\"https:\\\/\\\/fitnesshaus24.com\\\/en\\\/injizierbare-anabole-steroide\\\/unique-pharma-trenbolone-enanthate-200mg\\\/\",\"name\":\"Trenbolon Enanthate 200mg | Leistungsstarke Anabolika-Kur\",\"isPartOf\":{\"@id\":\"http:\\\/\\\/fitnesshaus24.com\\\/#website\"},\"primaryImageOfPage\":{\"@id\":\"https:\\\/\\\/fitnesshaus24.com\\\/en\\\/injizierbare-anabole-steroide\\\/unique-pharma-trenbolone-enanthate-200mg\\\/#primaryimage\"},\"image\":{\"@id\":\"https:\\\/\\\/fitnesshaus24.com\\\/en\\\/injizierbare-anabole-steroide\\\/unique-pharma-trenbolone-enanthate-200mg\\\/#primaryimage\"},\"thumbnailUrl\":\"http:\\\/\\\/fitnesshaus24.com\\\/wp-content\\\/uploads\\\/2020\\\/05\\\/trenbolone-enanthate-unique-pharma-.jpg\",\"datePublished\":\"2020-05-25T15:06:49+00:00\",\"dateModified\":\"2026-04-20T13:40:44+00:00\",\"description\":\"Trenbolon Enanthate 200mg von Unique Pharma erg\u00e4nzt Ihr Training sinnvoll. Online erh\u00e4ltlich mit diskretem Versand und zuverl\u00e4ssiger Qualit\u00e4t.\",\"breadcrumb\":{\"@id\":\"https:\\\/\\\/fitnesshaus24.com\\\/en\\\/injizierbare-anabole-steroide\\\/unique-pharma-trenbolone-enanthate-200mg\\\/#breadcrumb\"},\"inLanguage\":\"en-US\",\"potentialAction\":[{\"@type\":\"ReadAction\",\"target\":[\"https:\\\/\\\/fitnesshaus24.com\\\/en\\\/injizierbare-anabole-steroide\\\/unique-pharma-trenbolone-enanthate-200mg\\\/\"]}]},{\"@type\":\"ImageObject\",\"inLanguage\":\"en-US\",\"@id\":\"https:\\\/\\\/fitnesshaus24.com\\\/en\\\/injizierbare-anabole-steroide\\\/unique-pharma-trenbolone-enanthate-200mg\\\/#primaryimage\",\"url\":\"http:\\\/\\\/fitnesshaus24.com\\\/wp-content\\\/uploads\\\/2020\\\/05\\\/trenbolone-enanthate-unique-pharma-.jpg\",\"contentUrl\":\"http:\\\/\\\/fitnesshaus24.com\\\/wp-content\\\/uploads\\\/2020\\\/05\\\/trenbolone-enanthate-unique-pharma-.jpg\",\"width\":1000,\"height\":1000,\"caption\":\"Unique Pharma Trenbolone Enanthate 200mg\"},{\"@type\":\"BreadcrumbList\",\"@id\":\"https:\\\/\\\/fitnesshaus24.com\\\/en\\\/injizierbare-anabole-steroide\\\/unique-pharma-trenbolone-enanthate-200mg\\\/#breadcrumb\",\"itemListElement\":[{\"@type\":\"ListItem\",\"position\":1,\"name\":\"Home\",\"item\":\"http:\\\/\\\/fitnesshaus24.com\\\/\"},{\"@type\":\"ListItem\",\"position\":2,\"name\":\"Gesch\u00e4ft\",\"item\":\"http:\\\/\\\/fitnesshaus24.com\\\/geschaeft\\\/\"},{\"@type\":\"ListItem\",\"position\":3,\"name\":\"Unique Pharma Trenbolon Enanthate 200mg | Leistungsstarke Anabolika-Kur\"}]},{\"@type\":\"WebSite\",\"@id\":\"http:\\\/\\\/fitnesshaus24.com\\\/#website\",\"url\":\"http:\\\/\\\/fitnesshaus24.com\\\/\",\"name\":\"Fitnesshaus24\",\"description\":\"Kaufen Sie Anabolika, sicher und zuverl\u00e4ssig\",\"publisher\":{\"@id\":\"http:\\\/\\\/fitnesshaus24.com\\\/#organization\"},\"potentialAction\":[{\"@type\":\"SearchAction\",\"target\":{\"@type\":\"EntryPoint\",\"urlTemplate\":\"http:\\\/\\\/fitnesshaus24.com\\\/?s={search_term_string}\"},\"query-input\":{\"@type\":\"PropertyValueSpecification\",\"valueRequired\":true,\"valueName\":\"search_term_string\"}}],\"inLanguage\":\"en-US\"},{\"@type\":\"Organization\",\"@id\":\"http:\\\/\\\/fitnesshaus24.com\\\/#organization\",\"name\":\"Fitnesshaus24\",\"url\":\"http:\\\/\\\/fitnesshaus24.com\\\/\",\"logo\":{\"@type\":\"ImageObject\",\"inLanguage\":\"en-US\",\"@id\":\"http:\\\/\\\/fitnesshaus24.com\\\/#\\\/schema\\\/logo\\\/image\\\/\",\"url\":\"http:\\\/\\\/fitnesshaus24.com\\\/wp-content\\\/uploads\\\/2025\\\/02\\\/Logo-Header-Trans-1-s.webp\",\"contentUrl\":\"http:\\\/\\\/fitnesshaus24.com\\\/wp-content\\\/uploads\\\/2025\\\/02\\\/Logo-Header-Trans-1-s.webp\",\"width\":300,\"height\":131,\"caption\":\"Fitnesshaus24\"},\"image\":{\"@id\":\"http:\\\/\\\/fitnesshaus24.com\\\/#\\\/schema\\\/logo\\\/image\\\/\"}}]}<\/script>\n<!-- \/ Yoast SEO plugin. -->","yoast_head_json":{"title":"Trenbolon Enanthate 200mg | Leistungsstarke Anabolika-Kur","description":"Trenbolon Enanthate 200mg von Unique Pharma erg\u00e4nzt Ihr Training sinnvoll. Online erh\u00e4ltlich mit diskretem Versand und zuverl\u00e4ssiger Qualit\u00e4t.","robots":{"index":"index","follow":"follow","max-snippet":"max-snippet:-1","max-image-preview":"max-image-preview:large","max-video-preview":"max-video-preview:-1"},"canonical":"https:\/\/fitnesshaus24.com\/en\/injizierbare-anabole-steroide\/unique-pharma-trenbolone-enanthate-200mg\/","og_locale":"en_US","og_type":"article","og_title":"Trenbolon Enanthate 200mg | Leistungsstarke Anabolika-Kur","og_description":"Trenbolon Enanthate 200mg von Unique Pharma erg\u00e4nzt Ihr Training sinnvoll. Online erh\u00e4ltlich mit diskretem Versand und zuverl\u00e4ssiger Qualit\u00e4t.","og_url":"https:\/\/fitnesshaus24.com\/en\/injizierbare-anabole-steroide\/unique-pharma-trenbolone-enanthate-200mg\/","og_site_name":"Fitnesshaus24","article_modified_time":"2026-04-20T13:40:44+00:00","og_image":[{"width":1000,"height":1000,"url":"https:\/\/fitnesshaus24.com\/wp-content\/uploads\/2020\/05\/trenbolone-enanthate-unique-pharma-.jpg","type":"image\/jpeg"}],"twitter_card":"summary_large_image","twitter_misc":{"Est. reading time":"3 minutes"},"schema":{"@context":"https:\/\/schema.org","@graph":[{"@type":"WebPage","@id":"https:\/\/fitnesshaus24.com\/en\/injizierbare-anabole-steroide\/unique-pharma-trenbolone-enanthate-200mg\/","url":"https:\/\/fitnesshaus24.com\/en\/injizierbare-anabole-steroide\/unique-pharma-trenbolone-enanthate-200mg\/","name":"Trenbolon Enanthate 200mg | Leistungsstarke Anabolika-Kur","isPartOf":{"@id":"http:\/\/fitnesshaus24.com\/#website"},"primaryImageOfPage":{"@id":"https:\/\/fitnesshaus24.com\/en\/injizierbare-anabole-steroide\/unique-pharma-trenbolone-enanthate-200mg\/#primaryimage"},"image":{"@id":"https:\/\/fitnesshaus24.com\/en\/injizierbare-anabole-steroide\/unique-pharma-trenbolone-enanthate-200mg\/#primaryimage"},"thumbnailUrl":"http:\/\/fitnesshaus24.com\/wp-content\/uploads\/2020\/05\/trenbolone-enanthate-unique-pharma-.jpg","datePublished":"2020-05-25T15:06:49+00:00","dateModified":"2026-04-20T13:40:44+00:00","description":"Trenbolon Enanthate 200mg von Unique Pharma erg\u00e4nzt Ihr Training sinnvoll. Online erh\u00e4ltlich mit diskretem Versand und zuverl\u00e4ssiger Qualit\u00e4t.","breadcrumb":{"@id":"https:\/\/fitnesshaus24.com\/en\/injizierbare-anabole-steroide\/unique-pharma-trenbolone-enanthate-200mg\/#breadcrumb"},"inLanguage":"en-US","potentialAction":[{"@type":"ReadAction","target":["https:\/\/fitnesshaus24.com\/en\/injizierbare-anabole-steroide\/unique-pharma-trenbolone-enanthate-200mg\/"]}]},{"@type":"ImageObject","inLanguage":"en-US","@id":"https:\/\/fitnesshaus24.com\/en\/injizierbare-anabole-steroide\/unique-pharma-trenbolone-enanthate-200mg\/#primaryimage","url":"http:\/\/fitnesshaus24.com\/wp-content\/uploads\/2020\/05\/trenbolone-enanthate-unique-pharma-.jpg","contentUrl":"http:\/\/fitnesshaus24.com\/wp-content\/uploads\/2020\/05\/trenbolone-enanthate-unique-pharma-.jpg","width":1000,"height":1000,"caption":"Unique Pharma Trenbolone Enanthate 200mg"},{"@type":"BreadcrumbList","@id":"https:\/\/fitnesshaus24.com\/en\/injizierbare-anabole-steroide\/unique-pharma-trenbolone-enanthate-200mg\/#breadcrumb","itemListElement":[{"@type":"ListItem","position":1,"name":"Home","item":"http:\/\/fitnesshaus24.com\/"},{"@type":"ListItem","position":2,"name":"Gesch\u00e4ft","item":"http:\/\/fitnesshaus24.com\/geschaeft\/"},{"@type":"ListItem","position":3,"name":"Unique Pharma Trenbolon Enanthate 200mg | Leistungsstarke Anabolika-Kur"}]},{"@type":"WebSite","@id":"http:\/\/fitnesshaus24.com\/#website","url":"http:\/\/fitnesshaus24.com\/","name":"Fitnesshaus24","description":"Kaufen Sie Anabolika, sicher und zuverl\u00e4ssig","publisher":{"@id":"http:\/\/fitnesshaus24.com\/#organization"},"potentialAction":[{"@type":"SearchAction","target":{"@type":"EntryPoint","urlTemplate":"http:\/\/fitnesshaus24.com\/?s={search_term_string}"},"query-input":{"@type":"PropertyValueSpecification","valueRequired":true,"valueName":"search_term_string"}}],"inLanguage":"en-US"},{"@type":"Organization","@id":"http:\/\/fitnesshaus24.com\/#organization","name":"Fitnesshaus24","url":"http:\/\/fitnesshaus24.com\/","logo":{"@type":"ImageObject","inLanguage":"en-US","@id":"http:\/\/fitnesshaus24.com\/#\/schema\/logo\/image\/","url":"http:\/\/fitnesshaus24.com\/wp-content\/uploads\/2025\/02\/Logo-Header-Trans-1-s.webp","contentUrl":"http:\/\/fitnesshaus24.com\/wp-content\/uploads\/2025\/02\/Logo-Header-Trans-1-s.webp","width":300,"height":131,"caption":"Fitnesshaus24"},"image":{"@id":"http:\/\/fitnesshaus24.com\/#\/schema\/logo\/image\/"}}]}},"tiered_pricing_type":"fixed","tiered_pricing_fixed_rules":[],"tiered_pricing_product_settings":{"layout":"default","base_unit_name":{"singular":null,"plural":null},"default_variation":null},"tiered_pricing_minimum_quantity":null,"tiered_pricing_roles_data":[],"tiered_pricing_percentage_rules":[],"_links":{"self":[{"href":"http:\/\/fitnesshaus24.com\/en\/wp-json\/wp\/v2\/product\/3274","targetHints":{"allow":["GET"]}}],"collection":[{"href":"http:\/\/fitnesshaus24.com\/en\/wp-json\/wp\/v2\/product"}],"about":[{"href":"http:\/\/fitnesshaus24.com\/en\/wp-json\/wp\/v2\/types\/product"}],"replies":[{"embeddable":true,"href":"http:\/\/fitnesshaus24.com\/en\/wp-json\/wp\/v2\/comments?post=3274"}],"wp:featuredmedia":[{"embeddable":true,"href":"http:\/\/fitnesshaus24.com\/en\/wp-json\/wp\/v2\/media\/15015"}],"wp:attachment":[{"href":"http:\/\/fitnesshaus24.com\/en\/wp-json\/wp\/v2\/media?parent=3274"}],"wp:term":[{"taxonomy":"product_brand","embeddable":true,"href":"http:\/\/fitnesshaus24.com\/en\/wp-json\/wp\/v2\/product_brand?post=3274"},{"taxonomy":"product_cat","embeddable":true,"href":"http:\/\/fitnesshaus24.com\/en\/wp-json\/wp\/v2\/product_cat?post=3274"},{"taxonomy":"product_tag","embeddable":true,"href":"http:\/\/fitnesshaus24.com\/en\/wp-json\/wp\/v2\/product_tag?post=3274"}],"curies":[{"name":"wp","href":"https:\/\/api.w.org\/{rel}","templated":true}]}}