{"id":6459,"date":"2023-01-10T12:20:51","date_gmt":"2023-01-10T11:20:51","guid":{"rendered":"https:\/\/anabolikawelt.com\/?post_type=product&#038;p=6459"},"modified":"2026-04-20T14:23:13","modified_gmt":"2026-04-20T13:23:13","slug":"cenforce-200mg-starke-erektionspillen-2","status":"publish","type":"product","link":"https:\/\/fitnesshaus24.com\/en\/human-grade\/cenforce-200mg-starke-erektionspillen-2\/","title":{"rendered":"Cenforce 200mg | Strong Erection Pills \u2013 (1 x 10Tabs)"},"content":{"rendered":"<h3 data-start=\"390\" data-end=\"466\"><strong data-start=\"390\" data-end=\"466\"><span dir=\"auto\" style=\"vertical-align: inherit;\"><span dir=\"auto\" style=\"vertical-align: inherit;\">Cenforce 200mg (1 x 10 tabs \/ 100 tabs) &#8211; Extra strong erection pills<\/span><\/span><\/strong><\/h3>\n<p data-start=\"468\" data-end=\"821\"><span dir=\"auto\" style=\"vertical-align: inherit;\"><span dir=\"auto\" style=\"vertical-align: inherit;\">Cenforce 200mg is one of the strongest erection pills on the market, developed for men who suffer from erectile dysfunction or desire a stronger erection during sexual activity. This powerful medication contains\u00a0 <\/span><\/span><strong data-start=\"680\" data-end=\"707\"><span dir=\"auto\" style=\"vertical-align: inherit;\"><span dir=\"auto\" style=\"vertical-align: inherit;\">200mg of sildenafil citrate,<\/span><\/span><\/strong><span dir=\"auto\" style=\"vertical-align: inherit;\"><span dir=\"auto\" style=\"vertical-align: inherit;\"> the same active ingredient as in Viagra, but in a higher dose for a longer-lasting and stronger effect.<\/span><\/span><\/p>\n<p data-start=\"823\" data-end=\"1125\"><span dir=\"auto\" style=\"vertical-align: inherit;\"><span dir=\"auto\" style=\"vertical-align: inherit;\">Each pack contains one strip of 10 tablets (100 tablets total), ensuring you always have a sufficient supply. Cenforce 200mg typically takes effect within 30-60 minutes of ingestion, and the effects can last for up to 4-6 hours. Ideal for men seeking serious erection support. <span style=\"font-weight: 400;\">Falls Sie eine niedrigere Dosierung bevorzugen, ist <\/span><a href=\"https:\/\/fitnesshaus24.com\/en\/product-2\/kamagra-100mg-20-tablets\/\"><span style=\"font-weight: 400;\">Kamagra 100mg<\/span><\/a><span style=\"font-weight: 400;\"> zur effektiven Unterst\u00fctzung der Erektion ebenfalls erh\u00e4ltlich.<\/span><\/span><\/span><\/p>\n<h3 data-start=\"1127\" data-end=\"1160\"><span dir=\"auto\" style=\"vertical-align: inherit;\"><span dir=\"auto\" style=\"vertical-align: inherit;\">Advantages of Cenforce 200mg:<\/span><\/span><\/h3>\n<ul data-start=\"1161\" data-end=\"1344\">\n<li data-start=\"1161\" data-end=\"1205\">\n<p data-start=\"1163\" data-end=\"1205\"><span dir=\"auto\" style=\"vertical-align: inherit;\"><span dir=\"auto\" style=\"vertical-align: inherit;\">Extra strong dose with 200mg Sildenafil<\/span><\/span><\/p>\n<\/li>\n<li data-start=\"1206\" data-end=\"1243\">\n<p data-start=\"1208\" data-end=\"1243\"><span dir=\"auto\" style=\"vertical-align: inherit;\"><span dir=\"auto\" style=\"vertical-align: inherit;\">Fast effect within 30-60 minutes<\/span><\/span><\/p>\n<\/li>\n<li data-start=\"1244\" data-end=\"1270\">\n<p data-start=\"1246\" data-end=\"1270\"><span dir=\"auto\" style=\"vertical-align: inherit;\"><span dir=\"auto\" style=\"vertical-align: inherit;\">Works for up to 6 hours<\/span><\/span><\/p>\n<\/li>\n<li data-start=\"1271\" data-end=\"1294\">\n<p data-start=\"1273\" data-end=\"1294\"><span dir=\"auto\" style=\"vertical-align: inherit;\"><span dir=\"auto\" style=\"vertical-align: inherit;\">Reliable quality<\/span><\/span><\/p>\n<\/li>\n<li data-start=\"1295\" data-end=\"1344\">\n<p data-start=\"1297\" data-end=\"1344\"><span dir=\"auto\" style=\"vertical-align: inherit;\"><span dir=\"auto\" style=\"vertical-align: inherit;\">Ideal for men with severe erectile dysfunction<\/span><\/span><\/p>\n<\/li>\n<\/ul>\n<p data-start=\"1346\" data-end=\"1524\"><strong data-start=\"1346\" data-end=\"1357\"><span dir=\"auto\" style=\"vertical-align: inherit;\"><span dir=\"auto\" style=\"vertical-align: inherit;\">Note:<\/span><\/span><\/strong><span dir=\"auto\" style=\"vertical-align: inherit;\"><span dir=\"auto\" style=\"vertical-align: inherit;\"> \u00a0Due to its high dosage, Cenforce 200mg is not suitable for beginners. Are you just starting out with this type of product? Then choose a lower dosage such as 50mg or 100mg to begin with.<\/span><\/span><\/p>\n<h3 data-start=\"1526\" data-end=\"1550\"><span dir=\"auto\" style=\"vertical-align: inherit;\"><span dir=\"auto\" style=\"vertical-align: inherit;\">Application and dosage:<\/span><\/span><\/h3>\n<p data-start=\"1551\" data-end=\"1756\"><span dir=\"auto\" style=\"vertical-align: inherit;\"><span dir=\"auto\" style=\"vertical-align: inherit;\">Take one tablet with plenty of water, preferably on an empty stomach, about 30 to 60 minutes before sexual activity.\u00a0 <\/span><\/span><strong data-start=\"1774\" data-end=\"1814\"><span dir=\"auto\" style=\"vertical-align: inherit;\"><span dir=\"auto\" style=\"vertical-align: inherit;\">Never use more than one tablet per 24 hours<\/span><\/span><\/strong><span dir=\"auto\" style=\"vertical-align: inherit;\"><span dir=\"auto\" style=\"vertical-align: inherit;\"> . It is not recommended to combine Cenforce with alcohol or a heavy, fatty meal, as this may delay or reduce absorption.<\/span><\/span><\/p>\n<h3 data-start=\"1758\" data-end=\"1773\"><span dir=\"auto\" style=\"vertical-align: inherit;\"><span dir=\"auto\" style=\"vertical-align: inherit;\">Security:<\/span><\/span><\/h3>\n<p data-start=\"1990\" data-end=\"2422\"><span dir=\"auto\" style=\"vertical-align: inherit;\"><span dir=\"auto\" style=\"vertical-align: inherit;\">Due to its high dosage, Cenforce 200 mg is not suitable for beginners. Men taking erectile dysfunction medication for the first time are advised to start with a lower dosage (e.g., 50 mg or 100 mg). Cenforce is only suitable for men in good health. Are you taking any medication or do you suffer from any medical conditions (e.g., heart problems or low blood pressure)? If so, always consult a doctor before taking Cenforce.<\/span><\/span><\/p>\n<p data-start=\"2424\" data-end=\"2582\"><span dir=\"auto\" style=\"vertical-align: inherit;\"><span dir=\"auto\" style=\"vertical-align: inherit;\">Note: Cenforce 200mg is a strong medication and should be used responsibly. Keep it out of the reach of children and always read the package leaflet.<\/span><\/span><\/p>","protected":false},"excerpt":{"rendered":"<p><span dir=\"auto\" style=\"vertical-align: inherit;\"><span dir=\"auto\" style=\"vertical-align: inherit;\">Cenforce 200 mg is a powerful erection pill containing 200 mg of sildenafil. It works quickly and effectively for up to 6 hours. Ideal for men with severe erectile dysfunction.<\/span><\/span><\/p>","protected":false},"featured_media":6460,"comment_status":"open","ping_status":"closed","template":"","meta":{"_acf_changed":false},"product_brand":[],"product_cat":[354,25,33],"product_tag":[54,124,144,28],"class_list":{"0":"post-6459","1":"product","2":"type-product","3":"status-publish","4":"has-post-thumbnail","6":"product_cat-anabolika","7":"product_cat-human-grade","8":"product_cat-potentie-overige","9":"product_tag-erectie","10":"product_tag-impotentie","11":"product_tag-kamagra","12":"product_tag-libido","14":"first","15":"instock","16":"shipping-taxable","17":"purchasable","18":"product-type-simple"},"acf":[],"yoast_head":"<!-- This site is optimized with the Yoast SEO plugin v27.3 - https:\/\/yoast.com\/product\/yoast-seo-wordpress\/ -->\n<title>Cenforce 200mg | starke Sildenafil-Erektionstabletten<\/title>\n<meta name=\"description\" content=\"Steigern Sie Ihre Leistungsf\u00e4higkeit mit Cenforce 200mg. Hochdosiertes Sildenafil f\u00fcr st\u00e4rkere Erektionen, wenn es darauf ankommt. Jetzt kaufen!\" \/>\n<meta name=\"robots\" content=\"index, follow, max-snippet:-1, max-image-preview:large, max-video-preview:-1\" \/>\n<link rel=\"canonical\" href=\"https:\/\/fitnesshaus24.com\/en\/human-grade\/cenforce-200mg-starke-erektionspillen-2\/\" \/>\n<meta property=\"og:locale\" content=\"en_US\" \/>\n<meta property=\"og:type\" content=\"article\" \/>\n<meta property=\"og:title\" content=\"Cenforce 200mg | starke Sildenafil-Erektionstabletten\" \/>\n<meta property=\"og:description\" content=\"Steigern Sie Ihre Leistungsf\u00e4higkeit mit Cenforce 200mg. Hochdosiertes Sildenafil f\u00fcr st\u00e4rkere Erektionen, wenn es darauf ankommt. Jetzt kaufen!\" \/>\n<meta property=\"og:url\" content=\"https:\/\/fitnesshaus24.com\/en\/human-grade\/cenforce-200mg-starke-erektionspillen-2\/\" \/>\n<meta property=\"og:site_name\" content=\"Fitnesshaus24\" \/>\n<meta property=\"article:modified_time\" content=\"2026-04-20T13:23:13+00:00\" \/>\n<meta property=\"og:image\" content=\"https:\/\/fitnesshaus24.com\/wp-content\/uploads\/2025\/02\/cenforce-200mg-1.png\" \/>\n\t<meta property=\"og:image:width\" content=\"600\" \/>\n\t<meta property=\"og:image:height\" content=\"600\" \/>\n\t<meta property=\"og:image:type\" content=\"image\/png\" \/>\n<meta name=\"twitter:card\" content=\"summary_large_image\" \/>\n<meta name=\"twitter:label1\" content=\"Est. reading time\" \/>\n\t<meta name=\"twitter:data1\" content=\"3 minutes\" \/>\n<script type=\"application\/ld+json\" class=\"yoast-schema-graph\">{\"@context\":\"https:\\\/\\\/schema.org\",\"@graph\":[{\"@type\":\"WebPage\",\"@id\":\"https:\\\/\\\/fitnesshaus24.com\\\/human-grade\\\/cenforce-200mg-starke-erektionspillen-2\\\/\",\"url\":\"https:\\\/\\\/fitnesshaus24.com\\\/human-grade\\\/cenforce-200mg-starke-erektionspillen-2\\\/\",\"name\":\"Cenforce 200mg | starke Sildenafil-Erektionstabletten\",\"isPartOf\":{\"@id\":\"https:\\\/\\\/fitnesshaus24.com\\\/en\\\/#website\"},\"primaryImageOfPage\":{\"@id\":\"https:\\\/\\\/fitnesshaus24.com\\\/human-grade\\\/cenforce-200mg-starke-erektionspillen-2\\\/#primaryimage\"},\"image\":{\"@id\":\"https:\\\/\\\/fitnesshaus24.com\\\/human-grade\\\/cenforce-200mg-starke-erektionspillen-2\\\/#primaryimage\"},\"thumbnailUrl\":\"https:\\\/\\\/fitnesshaus24.com\\\/wp-content\\\/uploads\\\/2025\\\/02\\\/cenforce-200mg-1.png\",\"datePublished\":\"2023-01-10T11:20:51+00:00\",\"dateModified\":\"2026-04-20T13:23:13+00:00\",\"description\":\"Steigern Sie Ihre Leistungsf\u00e4higkeit mit Cenforce 200mg. Hochdosiertes Sildenafil f\u00fcr st\u00e4rkere Erektionen, wenn es darauf ankommt. Jetzt kaufen!\",\"breadcrumb\":{\"@id\":\"https:\\\/\\\/fitnesshaus24.com\\\/human-grade\\\/cenforce-200mg-starke-erektionspillen-2\\\/#breadcrumb\"},\"inLanguage\":\"en-US\",\"potentialAction\":[{\"@type\":\"ReadAction\",\"target\":[\"https:\\\/\\\/fitnesshaus24.com\\\/human-grade\\\/cenforce-200mg-starke-erektionspillen-2\\\/\"]}]},{\"@type\":\"ImageObject\",\"inLanguage\":\"en-US\",\"@id\":\"https:\\\/\\\/fitnesshaus24.com\\\/human-grade\\\/cenforce-200mg-starke-erektionspillen-2\\\/#primaryimage\",\"url\":\"https:\\\/\\\/fitnesshaus24.com\\\/wp-content\\\/uploads\\\/2025\\\/02\\\/cenforce-200mg-1.png\",\"contentUrl\":\"https:\\\/\\\/fitnesshaus24.com\\\/wp-content\\\/uploads\\\/2025\\\/02\\\/cenforce-200mg-1.png\",\"width\":600,\"height\":600,\"caption\":\"Cenforce 200mg Tabletten\"},{\"@type\":\"BreadcrumbList\",\"@id\":\"https:\\\/\\\/fitnesshaus24.com\\\/human-grade\\\/cenforce-200mg-starke-erektionspillen-2\\\/#breadcrumb\",\"itemListElement\":[{\"@type\":\"ListItem\",\"position\":1,\"name\":\"Home\",\"item\":\"https:\\\/\\\/fitnesshaus24.com\\\/en\\\/\"},{\"@type\":\"ListItem\",\"position\":2,\"name\":\"Gesch\u00e4ft\",\"item\":\"http:\\\/\\\/fitnesshaus24.com\\\/geschaeft\\\/\"},{\"@type\":\"ListItem\",\"position\":3,\"name\":\"Cenforce 200mg | Starke Erektionspillen &#8211; (1 x 10Tabs)\"}]},{\"@type\":\"WebSite\",\"@id\":\"https:\\\/\\\/fitnesshaus24.com\\\/en\\\/#website\",\"url\":\"https:\\\/\\\/fitnesshaus24.com\\\/en\\\/\",\"name\":\"Fitnesshaus24\",\"description\":\"Kaufen Sie Anabolika, sicher und zuverl\u00e4ssig\",\"publisher\":{\"@id\":\"https:\\\/\\\/fitnesshaus24.com\\\/en\\\/#organization\"},\"potentialAction\":[{\"@type\":\"SearchAction\",\"target\":{\"@type\":\"EntryPoint\",\"urlTemplate\":\"https:\\\/\\\/fitnesshaus24.com\\\/en\\\/?s={search_term_string}\"},\"query-input\":{\"@type\":\"PropertyValueSpecification\",\"valueRequired\":true,\"valueName\":\"search_term_string\"}}],\"inLanguage\":\"en-US\"},{\"@type\":\"Organization\",\"@id\":\"https:\\\/\\\/fitnesshaus24.com\\\/en\\\/#organization\",\"name\":\"Fitnesshaus24\",\"url\":\"https:\\\/\\\/fitnesshaus24.com\\\/en\\\/\",\"logo\":{\"@type\":\"ImageObject\",\"inLanguage\":\"en-US\",\"@id\":\"https:\\\/\\\/fitnesshaus24.com\\\/en\\\/#\\\/schema\\\/logo\\\/image\\\/\",\"url\":\"https:\\\/\\\/fitnesshaus24.com\\\/wp-content\\\/uploads\\\/2025\\\/02\\\/Logo-Header-Trans-1-s.webp\",\"contentUrl\":\"https:\\\/\\\/fitnesshaus24.com\\\/wp-content\\\/uploads\\\/2025\\\/02\\\/Logo-Header-Trans-1-s.webp\",\"width\":300,\"height\":131,\"caption\":\"Fitnesshaus24\"},\"image\":{\"@id\":\"https:\\\/\\\/fitnesshaus24.com\\\/en\\\/#\\\/schema\\\/logo\\\/image\\\/\"}}]}<\/script>\n<!-- \/ Yoast SEO plugin. -->","yoast_head_json":{"title":"Cenforce 200mg | starke Sildenafil-Erektionstabletten","description":"Steigern Sie Ihre Leistungsf\u00e4higkeit mit Cenforce 200mg. Hochdosiertes Sildenafil f\u00fcr st\u00e4rkere Erektionen, wenn es darauf ankommt. Jetzt kaufen!","robots":{"index":"index","follow":"follow","max-snippet":"max-snippet:-1","max-image-preview":"max-image-preview:large","max-video-preview":"max-video-preview:-1"},"canonical":"https:\/\/fitnesshaus24.com\/en\/human-grade\/cenforce-200mg-starke-erektionspillen-2\/","og_locale":"en_US","og_type":"article","og_title":"Cenforce 200mg | starke Sildenafil-Erektionstabletten","og_description":"Steigern Sie Ihre Leistungsf\u00e4higkeit mit Cenforce 200mg. Hochdosiertes Sildenafil f\u00fcr st\u00e4rkere Erektionen, wenn es darauf ankommt. Jetzt kaufen!","og_url":"https:\/\/fitnesshaus24.com\/en\/human-grade\/cenforce-200mg-starke-erektionspillen-2\/","og_site_name":"Fitnesshaus24","article_modified_time":"2026-04-20T13:23:13+00:00","og_image":[{"width":600,"height":600,"url":"https:\/\/fitnesshaus24.com\/wp-content\/uploads\/2025\/02\/cenforce-200mg-1.png","type":"image\/png"}],"twitter_card":"summary_large_image","twitter_misc":{"Est. reading time":"3 minutes"},"schema":{"@context":"https:\/\/schema.org","@graph":[{"@type":"WebPage","@id":"https:\/\/fitnesshaus24.com\/human-grade\/cenforce-200mg-starke-erektionspillen-2\/","url":"https:\/\/fitnesshaus24.com\/human-grade\/cenforce-200mg-starke-erektionspillen-2\/","name":"Cenforce 200mg | starke Sildenafil-Erektionstabletten","isPartOf":{"@id":"https:\/\/fitnesshaus24.com\/en\/#website"},"primaryImageOfPage":{"@id":"https:\/\/fitnesshaus24.com\/human-grade\/cenforce-200mg-starke-erektionspillen-2\/#primaryimage"},"image":{"@id":"https:\/\/fitnesshaus24.com\/human-grade\/cenforce-200mg-starke-erektionspillen-2\/#primaryimage"},"thumbnailUrl":"https:\/\/fitnesshaus24.com\/wp-content\/uploads\/2025\/02\/cenforce-200mg-1.png","datePublished":"2023-01-10T11:20:51+00:00","dateModified":"2026-04-20T13:23:13+00:00","description":"Steigern Sie Ihre Leistungsf\u00e4higkeit mit Cenforce 200mg. Hochdosiertes Sildenafil f\u00fcr st\u00e4rkere Erektionen, wenn es darauf ankommt. Jetzt kaufen!","breadcrumb":{"@id":"https:\/\/fitnesshaus24.com\/human-grade\/cenforce-200mg-starke-erektionspillen-2\/#breadcrumb"},"inLanguage":"en-US","potentialAction":[{"@type":"ReadAction","target":["https:\/\/fitnesshaus24.com\/human-grade\/cenforce-200mg-starke-erektionspillen-2\/"]}]},{"@type":"ImageObject","inLanguage":"en-US","@id":"https:\/\/fitnesshaus24.com\/human-grade\/cenforce-200mg-starke-erektionspillen-2\/#primaryimage","url":"https:\/\/fitnesshaus24.com\/wp-content\/uploads\/2025\/02\/cenforce-200mg-1.png","contentUrl":"https:\/\/fitnesshaus24.com\/wp-content\/uploads\/2025\/02\/cenforce-200mg-1.png","width":600,"height":600,"caption":"Cenforce 200mg Tabletten"},{"@type":"BreadcrumbList","@id":"https:\/\/fitnesshaus24.com\/human-grade\/cenforce-200mg-starke-erektionspillen-2\/#breadcrumb","itemListElement":[{"@type":"ListItem","position":1,"name":"Home","item":"https:\/\/fitnesshaus24.com\/en\/"},{"@type":"ListItem","position":2,"name":"Gesch\u00e4ft","item":"http:\/\/fitnesshaus24.com\/geschaeft\/"},{"@type":"ListItem","position":3,"name":"Cenforce 200mg | Starke Erektionspillen &#8211; (1 x 10Tabs)"}]},{"@type":"WebSite","@id":"https:\/\/fitnesshaus24.com\/en\/#website","url":"https:\/\/fitnesshaus24.com\/en\/","name":"Fitnesshaus24","description":"Kaufen Sie Anabolika, sicher und zuverl\u00e4ssig","publisher":{"@id":"https:\/\/fitnesshaus24.com\/en\/#organization"},"potentialAction":[{"@type":"SearchAction","target":{"@type":"EntryPoint","urlTemplate":"https:\/\/fitnesshaus24.com\/en\/?s={search_term_string}"},"query-input":{"@type":"PropertyValueSpecification","valueRequired":true,"valueName":"search_term_string"}}],"inLanguage":"en-US"},{"@type":"Organization","@id":"https:\/\/fitnesshaus24.com\/en\/#organization","name":"Fitnesshaus24","url":"https:\/\/fitnesshaus24.com\/en\/","logo":{"@type":"ImageObject","inLanguage":"en-US","@id":"https:\/\/fitnesshaus24.com\/en\/#\/schema\/logo\/image\/","url":"https:\/\/fitnesshaus24.com\/wp-content\/uploads\/2025\/02\/Logo-Header-Trans-1-s.webp","contentUrl":"https:\/\/fitnesshaus24.com\/wp-content\/uploads\/2025\/02\/Logo-Header-Trans-1-s.webp","width":300,"height":131,"caption":"Fitnesshaus24"},"image":{"@id":"https:\/\/fitnesshaus24.com\/en\/#\/schema\/logo\/image\/"}}]}},"tiered_pricing_type":"fixed","tiered_pricing_fixed_rules":[],"tiered_pricing_product_settings":{"layout":"default","base_unit_name":{"singular":null,"plural":null},"default_variation":null},"tiered_pricing_minimum_quantity":null,"tiered_pricing_roles_data":[],"tiered_pricing_percentage_rules":[],"_links":{"self":[{"href":"https:\/\/fitnesshaus24.com\/en\/wp-json\/wp\/v2\/product\/6459","targetHints":{"allow":["GET"]}}],"collection":[{"href":"https:\/\/fitnesshaus24.com\/en\/wp-json\/wp\/v2\/product"}],"about":[{"href":"https:\/\/fitnesshaus24.com\/en\/wp-json\/wp\/v2\/types\/product"}],"replies":[{"embeddable":true,"href":"https:\/\/fitnesshaus24.com\/en\/wp-json\/wp\/v2\/comments?post=6459"}],"wp:featuredmedia":[{"embeddable":true,"href":"https:\/\/fitnesshaus24.com\/en\/wp-json\/wp\/v2\/media\/6460"}],"wp:attachment":[{"href":"https:\/\/fitnesshaus24.com\/en\/wp-json\/wp\/v2\/media?parent=6459"}],"wp:term":[{"taxonomy":"product_brand","embeddable":true,"href":"https:\/\/fitnesshaus24.com\/en\/wp-json\/wp\/v2\/product_brand?post=6459"},{"taxonomy":"product_cat","embeddable":true,"href":"https:\/\/fitnesshaus24.com\/en\/wp-json\/wp\/v2\/product_cat?post=6459"},{"taxonomy":"product_tag","embeddable":true,"href":"https:\/\/fitnesshaus24.com\/en\/wp-json\/wp\/v2\/product_tag?post=6459"}],"curies":[{"name":"wp","href":"https:\/\/api.w.org\/{rel}","templated":true}]}}